{"id":72,"date":"2026-03-08T20:49:09","date_gmt":"2026-03-08T20:49:09","guid":{"rendered":"https:\/\/nailuxe.org\/index.php\/contact-us\/"},"modified":"2026-03-10T17:28:01","modified_gmt":"2026-03-10T17:28:01","slug":"contact-us","status":"publish","type":"page","link":"https:\/\/www.nailuxe.org\/fr\/contact-us\/","title":{"rendered":"Contactez-nous"},"content":{"rendered":"<div class=\"section-wrapper\" data-id=\"DyGag1\"><section class=\"wp-block-gutenverse-section guten-element guten-section guten-DyGag1 layout-boxed align-stretch\"><div class=\"guten-container guten-column-gap-no\">\n<div class=\"wp-block-gutenverse-column guten-element guten-column guten-WaO3wf\"><div class=\"guten-column-wrapper\" data-id=\"WaO3wf\">\n<div class=\"wp-block-gutenverse-image guten-element guten-image guten-cZR7xq\"><div class=\"guten-image-wrapper\"><img decoding=\"async\" class=\"gutenverse-image-box-filled\" src=\"https:\/\/nailuxe.org\/wp-content\/uploads\/2026\/03\/Logo-nailuxe-dark.png\" height=\"1024\" width=\"1536\"\/><\/div><\/div>\n<\/div><\/div>\n\n\n\n<div class=\"wp-block-gutenverse-column guten-element guten-column guten-NoZn91\"><div class=\"guten-column-wrapper\" data-id=\"NoZn91\"><div id=\"guten-oHmmwn\" class=\"guten-element guten-nav-menu nav-menu break-point-tablet submenu-click-title\" data-item-indicator=\"gtn gtn-chevron-down-light\" data-item-indicator-type=\"icon\" data-item-indicator-svg=\"\" data-close-on-click=\"1\" aria-label=\"\">\n\t\t\t<div class=\"gutenverse-hamburger-wrapper\">\n\t\t\t\t<button class=\"gutenverse-hamburger-menu\" aria-label=\"\">\n\t\t\t\t<i aria-hidden=\"true\" class=\"gtn gtn-menu-11-light\"><\/i>\n\t\t\t\t<\/button>\n\t\t\t<\/div>\n\t\t\t\n\t\t\t<div class=\"gutenverse-menu-wrapper\"><div class=\"gutenverse-menu-container\"><ul id=\"menu-menu-1\" class=\"gutenverse-menu\"><li id=\"menu-item-186\" class=\"menu-item-186  menu-item menu-item-type-post_type menu-item-object-page\"><a href=\"javascript:void(0);\" data-href=\"https:\/\/www.nailuxe.org\/fr\/booking\/\" aria-label=\"Prendre rendez-vous\">Prendre rendez-vous<\/a><\/li>\n<li id=\"menu-item-194\" class=\"menu-item-194  menu-item menu-item-type-post_type menu-item-object-page menu-item-home\"><a href=\"javascript:void(0);\" data-href=\"https:\/\/www.nailuxe.org\/fr\/\" aria-label=\"Accueil\">Accueil<\/a><\/li>\n<li id=\"menu-item-191\" class=\"menu-item-191  menu-item menu-item-type-post_type menu-item-object-page\"><a href=\"javascript:void(0);\" data-href=\"https:\/\/www.nailuxe.org\/fr\/services\/\" aria-label=\"Services\">Services<\/a><\/li>\n<li id=\"menu-item-189\" class=\"menu-item-189  menu-item menu-item-type-post_type menu-item-object-page\"><a href=\"javascript:void(0);\" data-href=\"https:\/\/www.nailuxe.org\/fr\/our-team\/\" aria-label=\"Notre \u00e9quipe\">Notre \u00e9quipe<\/a><\/li>\n<li id=\"menu-item-188\" class=\"menu-item-188  menu-item menu-item-type-post_type menu-item-object-page\"><a href=\"javascript:void(0);\" data-href=\"https:\/\/www.nailuxe.org\/fr\/contact-us\/\" aria-label=\"Contactez-nous\">Contactez-nous<\/a><\/li>\n<li id=\"menu-item-195\" class=\"menu-item-195  menu-item menu-item-type-post_type menu-item-object-page\"><a href=\"javascript:void(0);\" data-href=\"https:\/\/www.nailuxe.org\/fr\/about-us\/\" aria-label=\"\u00c0 propos de nous\">\u00c0 propos de nous<\/a><\/li>\n<\/ul><\/div>\n\t\t\t\t<div>\n\t\t\t\t\t<div class=\"gutenverse-nav-identity-panel\">\n\t\t\t\t\t\t<div class=\"gutenverse-nav-site-title\">\n\t\t\t\t\t\t\t<a aria-label=\"\" href=\"https:\/\/www.nailuxe.org\/fr\" class=\"gutenverse-nav-logo\"><img fetchpriority=\"high\" decoding=\"async\" loading=\"eager\" src=\"https:\/\/nailuxe.org\/wp-content\/uploads\/2026\/03\/Logo-nailuxe-dark.png\" alt=\"Ongles Nailuxe - \" width=\"1536\" height=\"1024\"><\/a>\n\t\t\t\t\t\t<\/div>\n\t\t\t\t\t\t<button class=\"gutenverse-close-menu\" aria-label=\"\"><i aria-hidden=\"true\" class=\"gtn gtn-times-solid\"><\/i><\/button>\n\t\t\t\t\t<\/div>\n\t\t\t\t<\/div>\n\t\t\t<\/div>\n\t\t<\/div><\/div><\/div>\n\n\n\n<div class=\"wp-block-gutenverse-column guten-element guten-column guten-qcIcPO hide-tablet hide-mobile\"><div class=\"guten-column-wrapper\" data-id=\"qcIcPO\">\n<div class=\"guten-element guten-social-icons guten-VDmPYk rounded horizontal custom\">\n<div class=\"guten-element guten-social-icon guten-trhSO2 facebook\"><a id=\"guten-trhSO2\" href=\"#\"><i class=\"gtn gtn-facebook-f\"><\/i><\/a><\/div>\n\n\n\n<div class=\"guten-element guten-social-icon guten-PbEQci instagram\"><a id=\"guten-PbEQci\" href=\"#\"><i class=\"gtn gtn-instagram-1-light\"><\/i><\/a><\/div>\n<\/div>\n\n\n\n<div class=\"wp-block-gutenverse-icon guten-element guten-5EiplM guten-icon\"><a class=\"guten-icon-wrapper custom stacked\" href=\"#off-canvas\"><i class=\"gtn gtn-menu-7-light\"><\/i><\/a><\/div>\n<\/div><\/div>\n<\/div><\/section><\/div>\n\n\n\n<div class=\"guten-element guten-popup-builder guten-VJeDaS\" data-trigger=\"click\" data-anchor=\"off-canvas\" data-close-overlay=\"true\" data-inactive-interval=\"{&quot;point&quot;:5,&quot;unit&quot;:&quot;m&quot;}\" data-exit-animation=\"\" data-exit-duration=\"\" data-exit-delay=\"\" data-video-play-on=\"click\"><div class=\"guten-popup guten-popup-right guten-popup-side-center\"><div class=\"guten-popup-overlay\"><\/div><div class=\"guten-popup-wrapper guten-popup-wrapper-center\"><div class=\"guten-popup-content animated guten-element-hide desktop-slideInRight\"><div class=\"guten-popup-close\"><i class=\"gtn gtn-times-solid\"><\/i><\/div><div class=\"guten-popup-container\">\n<div class=\"guten-element guten-popup-content-inner above\"><div class=\"guten-popup-content-wrapper\">\n<div class=\"section-wrapper\" data-id=\"1BIr2I\"><section class=\"wp-block-gutenverse-section guten-element guten-section guten-1BIr2I layout-fullwidth align-stretch\"><div class=\"guten-container guten-column-gap-no\">\n<div class=\"wp-block-gutenverse-column guten-element guten-column guten-xi9UhC\"><div class=\"guten-column-wrapper\" data-id=\"xi9UhC\">\n<div class=\"wp-block-gutenverse-image guten-element guten-image guten-9jC1vb\"><div class=\"guten-image-wrapper\"><img decoding=\"async\" class=\"gutenverse-image-box-filled\" src=\"https:\/\/nailuxe.org\/wp-content\/uploads\/2026\/03\/Logo-nailuxe-dark.png\" height=\"1024\" width=\"1536\"\/><\/div><\/div>\n\n\n\n<div class=\"guten-element gutenverse-text-editor guten-YCk53Y\"><div class=\"text-content-inner\">\n<p>Welcome to Nailuxe \u2014 Sit back, relax, and let us beautify your nails.<\/p>\n<\/div><\/div>\n\n\n\n<div class=\"wp-block-gutenverse-divider guten-element guten-divider guten-Iciat5\"><div class=\"guten-divider-wrapper\"><div class=\"guten-divider-default guten-divider-line guten-divider-regular\"><\/div><\/div><\/div>\n\n\n\n<div class=\"guten-element guten-icon-list guten-dbNHOl\"><div class=\"list-wrapper\">\n<div class=\"guten-element guten-icon-list-item guten-X6evbh\"><div class=\"list-divider\"><\/div><a id=\"guten-X6evbh\"><i class=\"fas fa-map-marker-alt\"><\/i><span class=\"list-text\">329 Lemoyne Ouest, Longueuil, J4H 1W3<\/span><\/a><\/div>\n\n\n\n<div class=\"guten-element guten-icon-list-item guten-SRgF9Z\"><div class=\"list-divider\"><\/div><a id=\"guten-SRgF9Z\"><i class=\"fas fa-phone\"><\/i><span class=\"list-text\">(514) 975 4062<\/span><\/a><\/div>\n\n\n\n<div class=\"guten-element guten-icon-list-item guten-OcXyCo\"><div class=\"list-divider\"><\/div><a id=\"guten-OcXyCo\"><i class=\"fas fa-envelope\"><\/i><span class=\"list-text\">amytran@yahoo.ca<\/span><\/a><\/div>\n<\/div><\/div>\n\n\n\n<div class=\"wp-block-gutenverse-divider guten-element guten-divider guten-UEdrhp\"><div class=\"guten-divider-wrapper\"><div class=\"guten-divider-default guten-divider-line guten-divider-regular\"><\/div><\/div><\/div>\n\n\n\n<h4 class=\"wp-block-gutenverse-heading guten-element guten-AsEj37\">Heures d'ouverture<\/h4>\n\n\n\n<div class=\"section-wrapper\" data-id=\"tNTJlo\"><section class=\"wp-block-gutenverse-section guten-element guten-section guten-tNTJlo layout-boxed align-stretch\"><div class=\"guten-container guten-column-gap-no\">\n<div class=\"wp-block-gutenverse-column guten-element guten-column guten-uIth77\"><div class=\"guten-column-wrapper\" data-id=\"uIth77\">\n<div class=\"guten-element guten-icon-list guten-z6knFL\"><div class=\"list-wrapper\">\n<div class=\"guten-element guten-icon-list-item guten-yJPQpB\"><div class=\"list-divider\"><\/div><a id=\"guten-yJPQpB\"><i class=\"fas fa-check\"><\/i><span class=\"list-text\">Lundi \u2013 Vendredi :<\/span><\/a><\/div>\n\n\n\n<div class=\"guten-element guten-icon-list-item guten-BbneO4\"><div class=\"list-divider\"><\/div><a id=\"guten-BbneO4\"><i class=\"fas fa-check\"><\/i><span class=\"list-text\">Samedi :<\/span><\/a><\/div>\n\n\n\n<div class=\"guten-element guten-icon-list-item guten-yWPoiT\"><div class=\"list-divider\"><\/div><a id=\"guten-yWPoiT\"><i class=\"fas fa-check\"><\/i><span class=\"list-text\">Sunday :<\/span><\/a><\/div>\n<\/div><\/div>\n\n\n\n<div class=\"guten-element guten-icon-list guten-rbC0NM\"><div class=\"list-wrapper\">\n<div class=\"guten-element guten-icon-list-item guten-yaGfyw\"><div class=\"list-divider\"><\/div><a id=\"guten-yaGfyw\"><i class=\"fas fa-check\"><\/i><span class=\"list-text\">09:00 AM &#8211; 19:00 PM<\/span><\/a><\/div>\n\n\n\n<div class=\"guten-element guten-icon-list-item guten-FoinKJ\"><div class=\"list-divider\"><\/div><a id=\"guten-FoinKJ\"><i class=\"fas fa-check\"><\/i><span class=\"list-text\">09:00 AM &#8211; 19:00 PM<\/span><\/a><\/div>\n\n\n\n<div class=\"guten-element guten-icon-list-item guten-FzgkwK\"><div class=\"list-divider\"><\/div><a id=\"guten-FzgkwK\"><i class=\"fas fa-check\"><\/i><span class=\"list-text\">09:00 AM &#8211; 19:00 PM<\/span><\/a><\/div>\n<\/div><\/div>\n<\/div><\/div>\n<\/div><\/section><\/div>\n\n\n\n<div class=\"wp-block-gutenverse-divider guten-element guten-divider guten-hjF8Lj\"><div class=\"guten-divider-wrapper\"><div class=\"guten-divider-default guten-divider-line guten-divider-regular\"><\/div><\/div><\/div>\n\n\n\n<div class=\"guten-element guten-social-icons guten-6gro98 rounded horizontal fill\">\n<div class=\"guten-element guten-social-icon guten-TfN2us facebook\"><a id=\"guten-TfN2us\"><i class=\"gtn gtn-facebook-f\"><\/i><\/a><\/div>\n\n\n\n<div class=\"guten-element guten-social-icon guten-Ee07wa twitter\"><a id=\"guten-Ee07wa\"><i class=\"fab fa-twitter\"><\/i><\/a><\/div>\n\n\n\n<div class=\"guten-element guten-social-icon guten-jzlE0R instagram\"><a id=\"guten-jzlE0R\"><i class=\"fab fa-instagram\"><\/i><\/a><\/div>\n\n\n\n<div class=\"guten-element guten-social-icon guten-aE2LeH pinterest\"><a id=\"guten-aE2LeH\"><i class=\"fab fa-pinterest-p\"><\/i><\/a><\/div>\n<\/div>\n<\/div><\/div>\n<\/div><\/section><\/div>\n<\/div><\/div>\n<\/div><\/div><\/div><\/div><\/div>\n\n\n\n<div class=\"section-wrapper\" data-id=\"v2Jylx\"><section class=\"wp-block-gutenverse-section guten-element guten-section guten-v2Jylx layout-boxed align-stretch\"><div class=\"guten-background-overlay\"><\/div><div class=\"guten-container guten-column-gap-no\">\n<div class=\"wp-block-gutenverse-column guten-element guten-column guten-m5Bo9n\"><div class=\"guten-column-wrapper\" data-id=\"m5Bo9n\">\n<h1 class=\"wp-block-gutenverse-heading guten-element guten-7IyQxO\">Contactez-nous<\/h1>\n\n\n\n<div class=\"guten-element gutenverse-text-editor guten-f4Xcjg\"><div class=\"text-content-inner\">\n<p><em>Vous avez des questions ou souhaitez r\u00e9server un service ? Contactez notre \u00e9quipe d\u00e8s aujourd\u2019hui.<\/em><br><\/p>\n<\/div><\/div>\n<\/div><\/div>\n<\/div><\/section><\/div>\n\n\n\n<div class=\"section-wrapper\" data-id=\"ePraVD\"><section class=\"wp-block-gutenverse-section guten-element guten-section guten-ePraVD layout-boxed align-stretch\"><div class=\"guten-container guten-column-gap-no\">\n<div class=\"wp-block-gutenverse-column guten-element guten-column guten-IK6xBr\"><div class=\"guten-column-wrapper\" data-id=\"IK6xBr\">\n<div class=\"guten-element guten-fFhMxa guten-icon-box icon-position-undefined\"><div class=\"guten-icon-box-wrapper hover-from-left\"><div class=\"icon-box icon-box-header\"><div class=\"icon bg-style-color\"><i class=\"gtn gtn-map-pin-line icon-style-color\"><\/i><\/div><\/div><div class=\"icon-box icon-box-body\"><h3 class=\"title\">Emplacement du salon<br>Ongles Nailuxe<\/h3><p class=\"icon-box-description\">329 LeMoyne Ouest, Longueuil<br>J4H 1W3<\/p><\/div><\/div><\/div>\n<\/div><\/div>\n\n\n\n<div class=\"wp-block-gutenverse-column guten-element guten-column guten-vGNki9\"><div class=\"guten-column-wrapper\" data-id=\"vGNki9\">\n<div class=\"guten-element guten-79Wu4X guten-icon-box icon-position-undefined\"><div class=\"guten-icon-box-wrapper hover-from-left\"><div class=\"icon-box icon-box-header\"><div class=\"icon bg-style-color\"><i class=\"gtn gtn-phone-call-line icon-style-color\"><\/i><\/div><\/div><div class=\"icon-box icon-box-body\"><h2 class=\"title\">Appelez-nous<\/h2><p class=\"icon-box-description\">(514) 975-4062<\/p><\/div><\/div><\/div>\n<\/div><\/div>\n\n\n\n<div class=\"wp-block-gutenverse-column guten-element guten-column guten-tPVmet\"><div class=\"guten-column-wrapper\" data-id=\"tPVmet\">\n<div class=\"guten-element guten-S1naFw guten-icon-box icon-position-undefined\"><div class=\"guten-icon-box-wrapper hover-from-left\"><div class=\"icon-box icon-box-header\"><div class=\"icon bg-style-color\"><i class=\"gtn gtn-message-1-light icon-style-color\"><\/i><\/div><\/div><div class=\"icon-box icon-box-body\"><h2 class=\"title\"><a href=\"https:\/\/m.me\/amy.tran.7528\">Envoyez-nous un message<\/a><\/h2><\/div><\/div><\/div>\n<\/div><\/div>\n<\/div><\/section><\/div>\n\n\n\n<div class=\"section-wrapper\" data-id=\"k0fzXP\"><section class=\"wp-block-gutenverse-section guten-element guten-section guten-k0fzXP layout-boxed align-stretch\"><div class=\"guten-background-overlay\"><\/div><div class=\"guten-container guten-column-gap-no\">\n<div class=\"wp-block-gutenverse-column guten-element guten-column guten-2cwlk8\"><div class=\"guten-column-wrapper\" data-id=\"2cwlk8\">\n<h5 class=\"wp-block-gutenverse-heading guten-element guten-PAGZ0x\">Contactez-nous<\/h5>\n\n\n\n<div class=\"wp-block-gutenverse-divider guten-element guten-divider guten-8OdaLe\"><div class=\"guten-divider-wrapper\"><div class=\"guten-divider-default guten-divider-line guten-divider-regular\"><\/div><\/div><\/div>\n\n\n\n<h2 class=\"wp-block-gutenverse-heading guten-element guten-8f90zb\">Entrer en contact<\/h2>\n\n\n\n<div class=\"guten-element gutenverse-text-editor guten-4gJzhP\"><div class=\"text-content-inner\">\n<p><em>Vous avez des questions ou envie de vous faire plaisir ? Notre \u00e9quipe est l\u00e0 pour vous aider.<\/em><br><em>Contactez-nous pour programmer votre prochain rendez-vous pour une manucure\/p\u00e9dicure et profitez de soins professionnels.<\/em><\/p>\n\n\n\n<p><em>Consultez la carte ci-dessous pour voir o\u00f9 se situe notre salon.<\/em><\/p>\n<\/div><\/div>\n\n\n\n<div class=\"guten-element gutenverse-maps guten-maps guten-eUSSfq\" data-src=\"https:\/\/maps.google.com\/maps?q=329%20Lemoyne%20Ouest%2C%20Longueuil&amp;z=14&amp;t=m&amp;output=embed&amp;iwloc=near\"><iframe frameborder=\"0\" scrolling=\"no\" marginheight=\"0\" marginwidth=\"0\" src=\"\" title=\"329 Lemoyne Ouest, Longueuil\"><\/iframe><\/div>\n\n\n\n<div class=\"guten-element guten-spacer guten-B55FvF\"><\/div>\n\n\n\n<h2 class=\"wp-block-gutenverse-heading guten-element guten-A7xEZC\">Social Media :<\/h2>\n\n\n\n<div class=\"guten-element guten-social-icons guten-8HAT2U circle horizontal fill\">\n<div class=\"guten-element guten-social-icon guten-cPTbyx facebook\"><a id=\"guten-cPTbyx\" href=\"#\"><i class=\"gtn gtn-facebook-light\"><\/i><\/a><\/div>\n\n\n\n<div class=\"guten-element guten-social-icon guten-3ITi8m instagram\"><a id=\"guten-3ITi8m\" href=\"#\"><i class=\"fab fa-instagram\"><\/i><\/a><\/div>\n\n\n\n<div class=\"guten-element guten-social-icon guten-dwSHEp twitter\"><a id=\"guten-dwSHEp\" href=\"#\"><i class=\"fab fa-x-twitter\"><\/i><\/a><\/div>\n\n\n\n<div class=\"guten-element guten-social-icon guten-ANeGw5 pinterest\"><a id=\"guten-ANeGw5\" href=\"#\"><i class=\"gtn gtn-pinterest-light\"><\/i><\/a><\/div>\n<\/div>\n<\/div><\/div>\n<\/div><\/section><\/div>\n\n\n\n<div class=\"section-wrapper\" data-id=\"ThOdOv\"><section class=\"wp-block-gutenverse-section guten-element guten-section guten-ThOdOv layout-boxed align-stretch\"><div class=\"guten-background-overlay\"><\/div><div class=\"guten-container guten-column-gap-no\">\n<div class=\"wp-block-gutenverse-column guten-element guten-column guten-1YxttZ\"><div class=\"guten-column-wrapper\" data-id=\"1YxttZ\">\n<div class=\"section-wrapper\" data-id=\"PLhMqH\"><section class=\"wp-block-gutenverse-section guten-element guten-section guten-PLhMqH layout-fullwidth align-stretch\"><div class=\"guten-container guten-column-gap-no\">\n<div class=\"wp-block-gutenverse-column guten-element guten-column guten-FnN4HW\"><div class=\"guten-column-wrapper\" data-id=\"FnN4HW\">\n<div class=\"wp-block-gutenverse-image guten-element guten-image guten-c9ieX3\"><div class=\"guten-image-wrapper\"><img decoding=\"async\" class=\"gutenverse-image-box-filled\" src=\"https:\/\/nailuxe.org\/wp-content\/uploads\/2026\/03\/Logo-nailuxe-dark.png.png\" height=\"1024\" width=\"1536\"\/><\/div><\/div>\n\n\n\n<div class=\"guten-element gutenverse-text-editor guten-xfaGqP\"><div class=\"text-content-inner\">\n<p><strong><em>L\u00e0 o\u00f9 chaque ongle raconte une histoire !!!<\/em><\/strong><\/p>\n<\/div><\/div>\n\n\n\n<div class=\"guten-element guten-social-icons guten-8PaJiz rounded horizontal custom\">\n<div class=\"guten-element guten-social-icon guten-niHwCo facebook\"><a id=\"guten-niHwCo\" href=\"#\"><i class=\"fab fa-facebook-f\"><\/i><\/a><\/div>\n\n\n\n<div class=\"guten-element guten-social-icon guten-J3qkIh instagram\"><a id=\"guten-J3qkIh\" href=\"#\"><i class=\"gtn gtn-instagram-1-light\"><\/i><\/a><\/div>\n\n\n\n<div class=\"guten-element guten-social-icon guten-ORj2ul twitter\"><a id=\"guten-ORj2ul\" href=\"#\"><i class=\"fab fa-x-twitter\"><\/i><\/a><\/div>\n\n\n\n<div class=\"guten-element guten-social-icon guten-mzg3uX pinterest\"><a id=\"guten-mzg3uX\" href=\"#\"><i class=\"gtn gtn-pinterest-light\"><\/i><\/a><\/div>\n<\/div>\n<\/div><\/div>\n\n\n\n<div class=\"wp-block-gutenverse-column guten-element guten-column guten-5M1yOF\"><div class=\"guten-column-wrapper\" data-id=\"5M1yOF\">\n<h4 class=\"wp-block-gutenverse-heading guten-element guten-3G5Bqr\">Soutien<\/h4>\n\n\n\n<div class=\"guten-element guten-icon-list guten-WrlASk\"><div class=\"list-wrapper\">\n<div class=\"guten-element guten-icon-list-item guten-hyXMf8\"><div class=\"list-divider\"><\/div><a id=\"guten-hyXMf8\" href=\"https:\/\/www.nailuxe.org\/fr\/terms-and-conditions\/\"><i class=\"fas fa-check\"><\/i><span class=\"list-text\">Termes et conditions<\/span><\/a><\/div>\n\n\n\n<div class=\"guten-element guten-icon-list-item guten-Wd8gj8\"><div class=\"list-divider\"><\/div><a id=\"guten-Wd8gj8\" href=\"https:\/\/www.nailuxe.org\/fr\/contact-us\/\"><i class=\"fas fa-check\"><\/i><span class=\"list-text\">Contactez-nous<\/span><\/a><\/div>\n<\/div><\/div>\n<\/div><\/div>\n\n\n\n<div class=\"wp-block-gutenverse-column guten-element guten-column guten-Qh92lu\"><div class=\"guten-column-wrapper\" data-id=\"Qh92lu\">\n<h2 class=\"wp-block-gutenverse-heading guten-element guten-U9ajij\">Contactez-nous<\/h2>\n\n\n\n<div class=\"guten-element guten-icon-list guten-ocZDfj\"><div class=\"list-wrapper\">\n<div class=\"guten-element guten-icon-list-item guten-e4oLgw\"><div class=\"list-divider\"><\/div><a id=\"guten-e4oLgw\" href=\"#\"><i class=\"fas fa-check\"><\/i><span class=\"list-text\">329 LeMoyne Ouest, Longueuil,  J4H 1W3<\/span><\/a><\/div>\n\n\n\n<div class=\"guten-element guten-icon-list-item guten-lWdk1L\"><div class=\"list-divider\"><\/div><a id=\"guten-lWdk1L\" href=\"#\"><i class=\"fas fa-check\"><\/i><span class=\"list-text\">Phone :  514 975 4062<\/span><\/a><\/div>\n<\/div><\/div>\n<\/div><\/div>\n<\/div><\/section><\/div>\n\n\n\n<div class=\"wp-block-gutenverse-divider guten-element guten-divider guten-75NdGq\"><div class=\"guten-divider-wrapper\"><div class=\"guten-divider-default guten-divider-line guten-divider-regular\"><\/div><\/div><\/div>\n\n\n\n<div class=\"section-wrapper\" data-id=\"e8glMS\"><section class=\"wp-block-gutenverse-section guten-element guten-section guten-e8glMS layout-boxed align-stretch\"><div class=\"guten-container guten-column-gap-no\">\n<div class=\"wp-block-gutenverse-column guten-element guten-column guten-832vPw\"><div class=\"guten-column-wrapper\" data-id=\"832vPw\">\n<div class=\"guten-element gutenverse-text-editor guten-I1SJJf\"><div class=\"text-content-inner\">\n<p>Nailuxe Salon. By&nbsp;<a href=\"https:\/\/www.mfisc.net\" data-type=\"link\" data-id=\"https:\/\/gutenverse.com\/\" target=\"_blank\" rel=\"noreferrer noopener\">Huy Hoang Huynh, M.Fisc<\/a>.<\/p>\n<\/div><\/div>\n<\/div><\/div>\n\n\n\n<div class=\"wp-block-gutenverse-column guten-element guten-column guten-2sZQ25\"><div class=\"guten-column-wrapper\" data-id=\"2sZQ25\">\n<div class=\"guten-element gutenverse-text-editor guten-hRswnW\"><div class=\"text-content-inner\">\n<p>Copyright \u00a9 2026. All rights reserved.<\/p>\n<\/div><\/div>\n<\/div><\/div>\n<\/div><\/section><\/div>\n<\/div><\/div>\n<\/div><\/section><\/div>","protected":false},"excerpt":{"rendered":"","protected":false},"author":1,"featured_media":0,"parent":0,"menu_order":0,"comment_status":"closed","ping_status":"closed","template":"blank-canvas","meta":{"footnotes":""},"class_list":["post-72","page","type-page","status-publish","hentry"],"yoast_head":"<!-- This site is optimized with the Yoast SEO Premium plugin v27.3 (Yoast SEO v27.3) - https:\/\/yoast.com\/product\/yoast-seo-premium-wordpress\/ -->\n<title>Contact Us - Ongles Nailuxe<\/title>\n<meta name=\"robots\" content=\"index, follow, max-snippet:-1, max-image-preview:large, max-video-preview:-1\" \/>\n<link rel=\"canonical\" href=\"https:\/\/www.nailuxe.org\/fr\/contact-us\/\" \/>\n<meta property=\"og:locale\" content=\"fr_CA\" \/>\n<meta property=\"og:type\" content=\"article\" \/>\n<meta property=\"og:title\" content=\"Contact Us\" \/>\n<meta property=\"og:url\" content=\"https:\/\/www.nailuxe.org\/fr\/contact-us\/\" \/>\n<meta property=\"og:site_name\" content=\"Ongles Nailuxe\" \/>\n<meta property=\"article:modified_time\" content=\"2026-03-10T17:28:01+00:00\" \/>\n<meta name=\"twitter:card\" content=\"summary_large_image\" \/>\n<script type=\"application\/ld+json\" class=\"yoast-schema-graph\">{\"@context\":\"https:\\\/\\\/schema.org\",\"@graph\":[{\"@type\":\"WebPage\",\"@id\":\"https:\\\/\\\/www.nailuxe.org\\\/contact-us\\\/\",\"url\":\"https:\\\/\\\/www.nailuxe.org\\\/contact-us\\\/\",\"name\":\"Contact Us - Ongles Nailuxe\",\"isPartOf\":{\"@id\":\"https:\\\/\\\/www.nailuxe.org\\\/#website\"},\"datePublished\":\"2026-03-08T20:49:09+00:00\",\"dateModified\":\"2026-03-10T17:28:01+00:00\",\"breadcrumb\":{\"@id\":\"https:\\\/\\\/www.nailuxe.org\\\/contact-us\\\/#breadcrumb\"},\"inLanguage\":\"fr-CA\",\"potentialAction\":[{\"@type\":\"ReadAction\",\"target\":[\"https:\\\/\\\/www.nailuxe.org\\\/contact-us\\\/\"]}]},{\"@type\":\"BreadcrumbList\",\"@id\":\"https:\\\/\\\/www.nailuxe.org\\\/contact-us\\\/#breadcrumb\",\"itemListElement\":[{\"@type\":\"ListItem\",\"position\":1,\"name\":\"Home\",\"item\":\"https:\\\/\\\/www.nailuxe.org\\\/\"},{\"@type\":\"ListItem\",\"position\":2,\"name\":\"Contact Us\"}]},{\"@type\":\"WebSite\",\"@id\":\"https:\\\/\\\/www.nailuxe.org\\\/#website\",\"url\":\"https:\\\/\\\/www.nailuxe.org\\\/\",\"name\":\"Ongles Nailuxe\",\"description\":\"\",\"potentialAction\":[{\"@type\":\"SearchAction\",\"target\":{\"@type\":\"EntryPoint\",\"urlTemplate\":\"https:\\\/\\\/www.nailuxe.org\\\/?s={search_term_string}\"},\"query-input\":{\"@type\":\"PropertyValueSpecification\",\"valueRequired\":true,\"valueName\":\"search_term_string\"}}],\"inLanguage\":\"fr-CA\"}]}<\/script>\n<!-- \/ Yoast SEO Premium plugin. -->","yoast_head_json":{"title":"Contact Us - Ongles Nailuxe","robots":{"index":"index","follow":"follow","max-snippet":"max-snippet:-1","max-image-preview":"max-image-preview:large","max-video-preview":"max-video-preview:-1"},"canonical":"https:\/\/www.nailuxe.org\/fr\/contact-us\/","og_locale":"fr_CA","og_type":"article","og_title":"Contact Us","og_url":"https:\/\/www.nailuxe.org\/fr\/contact-us\/","og_site_name":"Ongles Nailuxe","article_modified_time":"2026-03-10T17:28:01+00:00","twitter_card":"summary_large_image","schema":{"@context":"https:\/\/schema.org","@graph":[{"@type":"WebPage","@id":"https:\/\/www.nailuxe.org\/contact-us\/","url":"https:\/\/www.nailuxe.org\/contact-us\/","name":"Contact Us - Ongles Nailuxe","isPartOf":{"@id":"https:\/\/www.nailuxe.org\/#website"},"datePublished":"2026-03-08T20:49:09+00:00","dateModified":"2026-03-10T17:28:01+00:00","breadcrumb":{"@id":"https:\/\/www.nailuxe.org\/contact-us\/#breadcrumb"},"inLanguage":"fr-CA","potentialAction":[{"@type":"ReadAction","target":["https:\/\/www.nailuxe.org\/contact-us\/"]}]},{"@type":"BreadcrumbList","@id":"https:\/\/www.nailuxe.org\/contact-us\/#breadcrumb","itemListElement":[{"@type":"ListItem","position":1,"name":"Home","item":"https:\/\/www.nailuxe.org\/"},{"@type":"ListItem","position":2,"name":"Contact Us"}]},{"@type":"WebSite","@id":"https:\/\/www.nailuxe.org\/#website","url":"https:\/\/www.nailuxe.org\/","name":"Ongles Nailuxe","description":"","potentialAction":[{"@type":"SearchAction","target":{"@type":"EntryPoint","urlTemplate":"https:\/\/www.nailuxe.org\/?s={search_term_string}"},"query-input":{"@type":"PropertyValueSpecification","valueRequired":true,"valueName":"search_term_string"}}],"inLanguage":"fr-CA"}]}},"_links":{"self":[{"href":"https:\/\/www.nailuxe.org\/fr\/wp-json\/wp\/v2\/pages\/72","targetHints":{"allow":["GET"]}}],"collection":[{"href":"https:\/\/www.nailuxe.org\/fr\/wp-json\/wp\/v2\/pages"}],"about":[{"href":"https:\/\/www.nailuxe.org\/fr\/wp-json\/wp\/v2\/types\/page"}],"author":[{"embeddable":true,"href":"https:\/\/www.nailuxe.org\/fr\/wp-json\/wp\/v2\/users\/1"}],"replies":[{"embeddable":true,"href":"https:\/\/www.nailuxe.org\/fr\/wp-json\/wp\/v2\/comments?post=72"}],"version-history":[{"count":8,"href":"https:\/\/www.nailuxe.org\/fr\/wp-json\/wp\/v2\/pages\/72\/revisions"}],"predecessor-version":[{"id":208,"href":"https:\/\/www.nailuxe.org\/fr\/wp-json\/wp\/v2\/pages\/72\/revisions\/208"}],"wp:attachment":[{"href":"https:\/\/www.nailuxe.org\/fr\/wp-json\/wp\/v2\/media?parent=72"}],"curies":[{"name":"wp","href":"https:\/\/api.w.org\/{rel}","templated":true}]}}